{"id":55,"date":"2024-11-12T11:36:23","date_gmt":"2024-11-12T11:36:23","guid":{"rendered":"https:\/\/dt-sv.com\/?page_id=55"},"modified":"2024-11-12T11:53:04","modified_gmt":"2024-11-12T11:53:04","slug":"hakkimizda","status":"publish","type":"page","link":"https:\/\/dt-sv.com\/tr\/kurumsal\/hakkimizda\/","title":{"rendered":"Hakk\u0131m\u0131zda"},"content":{"rendered":"<p><b>T\u00fcrk-Alman \u015eehir E\u015fle\u015ftirme Derne\u011fi (DTSV e.V.)<\/b><\/p>\n<p>DTSV e.V., T\u00fcrk ve Alman \u015fehirleri aras\u0131nda i\u015fbirli\u011fini te\u015fvik etmek amac\u0131yla kurulmu\u015f, merkezi Berlin&#8217;de bulunan ba\u011f\u0131ms\u0131z bir dernektir. Amac\u0131m\u0131z, karde\u015f \u015fehirler arac\u0131l\u0131\u011f\u0131yla T\u00fcrk-Alman dostlu\u011funu derinle\u015ftirmek ve iki \u00fclke aras\u0131ndaki k\u00fclt\u00fcrel ili\u015fkileri g\u00fc\u00e7lendirmektir.<\/p>\n<p><b>Hedeflerimiz<\/b><\/p>\n<p>1. Almanya ve T\u00fcrkiye aras\u0131ndaki <b>k\u00fclt\u00fcrel ili\u015fkileri te\u015fvik<\/b> etmek ve karde\u015f \u015fehir uygulamas\u0131n\u0131 t\u00fcm idari d\u00fczeylerde desteklemek.<\/p>\n<p>2. Ortak projeler ve faaliyetler arac\u0131l\u0131\u011f\u0131yla <b>T\u00fcrk-Alman dostlu\u011funu derinle\u015ftirmek<\/b><\/p>\n<p>3. Karde\u015f \u015fehir \u00e7er\u00e7evesinde seminerler, sergiler, okumalar, tiyatro ve m\u00fczik g\u00f6sterileri gibi <b>de\u011fi\u015fim programlar\u0131n\u0131n<\/b> ve etkinliklerin <b>d\u00fczenlenmesi<\/b>.<\/p>\n<p>4. Benzer ama\u00e7lar g\u00fcden <b>dernek ve kurulu\u015flarla i\u015fbirli\u011fi<\/b> ve bunlar aras\u0131nda a\u011flar\u0131n geli\u015ftirilmesi.<\/p>\n<p>5. \u015eehir e\u015fle\u015ftirme program\u0131n\u0131 desteklemek i\u00e7in ba\u015fta AB fonlar\u0131 olmak \u00fczere <b>finansman sa\u011flanmas\u0131<\/b>.<\/p>\n<p>6. Almanya ve T\u00fcrkiye&#8217;deki \u015fehirler aras\u0131ndaki mevcut ve yeni ortakl\u0131klar i\u00e7in <b>dan\u0131\u015fmanl\u0131k ve destek<\/b>.<\/p>\n<p>7. \u0130ki halk aras\u0131nda kar\u015f\u0131l\u0131kl\u0131 anlay\u0131\u015f\u0131 te\u015fvik edecek <b>yay\u0131nlar\u0131n \u00e7\u0131kar\u0131lmas\u0131.<\/b><\/p>\n<p>&nbsp;<\/p>\n<p>&nbsp;<\/p>\n","protected":false},"excerpt":{"rendered":"<p>T\u00fcrk-Alman \u015eehir E\u015fle\u015ftirme Derne\u011fi (DTSV e.V.) DTSV e.V., T\u00fcrk ve Alman \u015fehirleri aras\u0131nda i\u015fbirli\u011fini te\u015fvik etmek amac\u0131yla kurulmu\u015f, merkezi Berlin&#8217;de bulunan ba\u011f\u0131ms\u0131z bir dernektir. Amac\u0131m\u0131z, karde\u015f \u015fehirler arac\u0131l\u0131\u011f\u0131yla T\u00fcrk-Alman dostlu\u011funu derinle\u015ftirmek ve iki \u00fclke aras\u0131ndaki k\u00fclt\u00fcrel ili\u015fkileri g\u00fc\u00e7lendirmektir. Hedeflerimiz 1. Almanya ve T\u00fcrkiye aras\u0131ndaki k\u00fclt\u00fcrel ili\u015fkileri te\u015fvik etmek ve karde\u015f \u015fehir uygulamas\u0131n\u0131 t\u00fcm idari d\u00fczeylerde [&hellip;]<\/p>\n","protected":false},"author":1,"featured_media":0,"parent":74,"menu_order":0,"comment_status":"closed","ping_status":"closed","template":"","meta":{"_acf_changed":false,"footnotes":""},"class_list":["post-55","page","type-page","status-publish","hentry"],"acf":[],"_links":{"self":[{"href":"https:\/\/dt-sv.com\/tr\/wp-json\/wp\/v2\/pages\/55"}],"collection":[{"href":"https:\/\/dt-sv.com\/tr\/wp-json\/wp\/v2\/pages"}],"about":[{"href":"https:\/\/dt-sv.com\/tr\/wp-json\/wp\/v2\/types\/page"}],"author":[{"embeddable":true,"href":"https:\/\/dt-sv.com\/tr\/wp-json\/wp\/v2\/users\/1"}],"replies":[{"embeddable":true,"href":"https:\/\/dt-sv.com\/tr\/wp-json\/wp\/v2\/comments?post=55"}],"version-history":[{"count":2,"href":"https:\/\/dt-sv.com\/tr\/wp-json\/wp\/v2\/pages\/55\/revisions"}],"predecessor-version":[{"id":58,"href":"https:\/\/dt-sv.com\/tr\/wp-json\/wp\/v2\/pages\/55\/revisions\/58"}],"up":[{"embeddable":true,"href":"https:\/\/dt-sv.com\/tr\/wp-json\/wp\/v2\/pages\/74"}],"wp:attachment":[{"href":"https:\/\/dt-sv.com\/tr\/wp-json\/wp\/v2\/media?parent=55"}],"curies":[{"name":"wp","href":"https:\/\/api.w.org\/{rel}","templated":true}]}}