{"id":60,"date":"2024-11-12T11:38:25","date_gmt":"2024-11-12T11:38:25","guid":{"rendered":"https:\/\/dt-sv.com\/?page_id=60"},"modified":"2024-12-16T08:08:06","modified_gmt":"2024-12-16T08:08:06","slug":"projeler-etkinlikler","status":"publish","type":"page","link":"https:\/\/dt-sv.com\/tr\/kurumsal\/projeler-etkinlikler\/","title":{"rendered":"Projeler &#038; Etkinlikler"},"content":{"rendered":"<p><strong>Berlin 1.Karde\u015f Belediyeler Bulu\u015fmas\u0131<\/strong><\/p>\n<p>Berlin ve \u0130stanbul aras\u0131ndaki karde\u015f \u015fehir anla\u015fmas\u0131n\u0131n 35. y\u0131l d\u00f6n\u00fcm\u00fcnde, Berlin\u2019de d\u00fczenleyece\u011fimiz etkinlikte aktif \u015feklide \u015fehir karde\u015fli\u011fi s\u00fcrd\u00fcren Alman ve T\u00fcrk yerel y\u00f6netim temsilcileriyle bir araya geliyoruz.<\/p>\n<p>Bu bulu\u015fma, ikili ili\u015fkileri geli\u015ftirmek, yerel ortakl\u0131klar\u0131n g\u00fc\u00e7lendirilmesi ve ilerletilmesi konular\u0131n\u0131 ele almak i\u00e7in \u00f6nemli bir f\u0131rsat sunuyor. Alman-T\u00fcrk yerel y\u00f6netim ortakl\u0131klar\u0131n\u0131n gelece\u011fi hakk\u0131nda fikir al\u0131\u015fveri\u015finde bulunmak ve iki \u00fclkenin belediyeleri ve il\u00e7eleri aras\u0131ndaki i\u015f birli\u011fini derinle\u015ftirmek istiyoruz.<\/p>\n<p><strong>Alman-T\u00fcrk karde\u015f \u015fehir i\u015fbirlikleri, hem Almanya&#8217;da hem de T\u00fcrkiye&#8217;de k\u00fclt\u00fcrel ve toplumsal \u00e7e\u015fitlili\u011fi zenginle\u015ftirme potansiyeline sahip olup, ba\u015far\u0131l\u0131 bir uluslararas\u0131 i\u015f birli\u011fi ve halklar aras\u0131 anlay\u0131\u015f i\u00e7in <\/strong><strong>\u00f6rnek te\u015fkil edebilir. Bu ortakl\u0131klar <\/strong><strong>\u00f6zellikle T\u00fcrk-Alman ili\u015fkileri ba\u011flam\u0131nda, k\u00fclt\u00fcrel k<\/strong><strong>\u00f6pr\u00fcler kurabilir ve \u015fehirlerimiz ile vatanda\u015flar\u0131m\u0131z aras\u0131nda uzun vadeli, s\u00fcrd\u00fcr\u00fclebilir ili\u015fkileri te\u015fvik edebilir. Berlin il\u00e7eleri ve T\u00fcrk belediyeleri aras\u0131ndaki kardes \u015fehir i\u015fbirlikleri, dostluk, de\u011fi\u015fim ve ortak giri\u015fimlerin te\u015fviki a\u00e7\u0131s\u0131ndan yerel i\u015f birli\u011finin ne denli <\/strong><strong>\u00f6nemli oldu\u011funun \u00e7arp\u0131c\u0131 \u00f6rnekleridir.<\/strong><\/p>\n<p>18 Aral\u0131k&#8217;ta yap\u0131lacak konferans s\u0131ras\u0131nda, 2021 y\u0131l\u0131ndan bu yana dostluk ili\u015fkisi s\u00fcrd\u00fcren \u0130stanbul \u015ei\u015fli il\u00e7esi ile Berlin Charlottenburg-Wilmersdorf il\u00e7esi aras\u0131nda resmi bir karde\u015f \u015fehir\u201c anla\u015fmas\u0131 imzalanacakt\u0131r.<\/p>\n<p>T\u00fcrk-Alman Karde\u015f Kentler Federasyonu derne\u011fi, Alman D\u0131\u015fi\u015fleri Bakanl\u0131\u011f\u0131&#8217;n\u0131n deste\u011fiyle 2022 y\u0131l\u0131nda kurulmu\u015ftur. Kar amac\u0131 g\u00fctmeyen bir dernek olarak, T\u00fcrk-Alman karde\u015f \u015fehir i\u015fbirliklerini aktif ve hedefli bir \u015fekilde te\u015fvik etmeyi ama\u00e7l\u0131yoruz.<\/p>\n<p><b>Karde\u015f \u015eehirler Bulu\u015fmas\u0131 Etkinlik Program\u0131<\/b><\/p>\n<p>Etkinlik program\u0131n\u0131 indirmek i\u00e7in t\u0131klay\u0131n\u0131z<br \/>\n<a class=\"theme-btn\" href=\"https:\/\/dt-sv.com\/tr\/wp-content\/uploads\/2024\/12\/dtsv_PROGRAM_Turkce.pdf\"><i class=\"fa-solid fa-file-arrow-down\"><\/i> dtsv PROGRAM \u0130ndirmek \u0130\u00e7in T\u0131klay\u0131n\u0131z<\/a><\/p>\n","protected":false},"excerpt":{"rendered":"<p>Berlin 1.Karde\u015f Belediyeler Bulu\u015fmas\u0131 Berlin ve \u0130stanbul aras\u0131ndaki karde\u015f \u015fehir anla\u015fmas\u0131n\u0131n 35. y\u0131l d\u00f6n\u00fcm\u00fcnde, Berlin\u2019de d\u00fczenleyece\u011fimiz etkinlikte aktif \u015feklide \u015fehir karde\u015fli\u011fi s\u00fcrd\u00fcren Alman ve T\u00fcrk yerel y\u00f6netim temsilcileriyle bir araya geliyoruz. Bu bulu\u015fma, ikili ili\u015fkileri geli\u015ftirmek, yerel ortakl\u0131klar\u0131n g\u00fc\u00e7lendirilmesi ve ilerletilmesi konular\u0131n\u0131 ele almak i\u00e7in \u00f6nemli bir f\u0131rsat sunuyor. Alman-T\u00fcrk yerel y\u00f6netim ortakl\u0131klar\u0131n\u0131n gelece\u011fi hakk\u0131nda [&hellip;]<\/p>\n","protected":false},"author":1,"featured_media":0,"parent":74,"menu_order":0,"comment_status":"closed","ping_status":"closed","template":"","meta":{"_acf_changed":false,"footnotes":""},"class_list":["post-60","page","type-page","status-publish","hentry"],"acf":[],"_links":{"self":[{"href":"https:\/\/dt-sv.com\/tr\/wp-json\/wp\/v2\/pages\/60"}],"collection":[{"href":"https:\/\/dt-sv.com\/tr\/wp-json\/wp\/v2\/pages"}],"about":[{"href":"https:\/\/dt-sv.com\/tr\/wp-json\/wp\/v2\/types\/page"}],"author":[{"embeddable":true,"href":"https:\/\/dt-sv.com\/tr\/wp-json\/wp\/v2\/users\/1"}],"replies":[{"embeddable":true,"href":"https:\/\/dt-sv.com\/tr\/wp-json\/wp\/v2\/comments?post=60"}],"version-history":[{"count":18,"href":"https:\/\/dt-sv.com\/tr\/wp-json\/wp\/v2\/pages\/60\/revisions"}],"predecessor-version":[{"id":125,"href":"https:\/\/dt-sv.com\/tr\/wp-json\/wp\/v2\/pages\/60\/revisions\/125"}],"up":[{"embeddable":true,"href":"https:\/\/dt-sv.com\/tr\/wp-json\/wp\/v2\/pages\/74"}],"wp:attachment":[{"href":"https:\/\/dt-sv.com\/tr\/wp-json\/wp\/v2\/media?parent=60"}],"curies":[{"name":"wp","href":"https:\/\/api.w.org\/{rel}","templated":true}]}}