{"id":71,"date":"2024-11-12T11:42:42","date_gmt":"2024-11-12T11:42:42","guid":{"rendered":"https:\/\/dt-sv.com\/?page_id=71"},"modified":"2024-12-06T18:07:39","modified_gmt":"2024-12-06T18:07:39","slug":"iletisim","status":"publish","type":"page","link":"https:\/\/dt-sv.com\/tr\/kurumsal\/iletisim\/","title":{"rendered":"\u0130leti\u015fim"},"content":{"rendered":"<p>Verband Deutsch-T\u00fcrkischer St\u00e4dtepartnerschaften e.V.<br \/>\nAdresse: Berlin, Deutschland<br \/>\nE-Mail: info@dt-sv.com<br \/>\nTelefon: +49 (0) 30 ???????<\/p>\n","protected":false},"excerpt":{"rendered":"<p>Verband Deutsch-T\u00fcrkischer St\u00e4dtepartnerschaften e.V. Adresse: Berlin, Deutschland E-Mail: info@dt-sv.com Telefon: +49 (0) 30 ???????<\/p>\n","protected":false},"author":1,"featured_media":0,"parent":74,"menu_order":0,"comment_status":"closed","ping_status":"closed","template":"","meta":{"_acf_changed":false,"footnotes":""},"class_list":["post-71","page","type-page","status-publish","hentry"],"acf":[],"_links":{"self":[{"href":"https:\/\/dt-sv.com\/tr\/wp-json\/wp\/v2\/pages\/71"}],"collection":[{"href":"https:\/\/dt-sv.com\/tr\/wp-json\/wp\/v2\/pages"}],"about":[{"href":"https:\/\/dt-sv.com\/tr\/wp-json\/wp\/v2\/types\/page"}],"author":[{"embeddable":true,"href":"https:\/\/dt-sv.com\/tr\/wp-json\/wp\/v2\/users\/1"}],"replies":[{"embeddable":true,"href":"https:\/\/dt-sv.com\/tr\/wp-json\/wp\/v2\/comments?post=71"}],"version-history":[{"count":1,"href":"https:\/\/dt-sv.com\/tr\/wp-json\/wp\/v2\/pages\/71\/revisions"}],"predecessor-version":[{"id":73,"href":"https:\/\/dt-sv.com\/tr\/wp-json\/wp\/v2\/pages\/71\/revisions\/73"}],"up":[{"embeddable":true,"href":"https:\/\/dt-sv.com\/tr\/wp-json\/wp\/v2\/pages\/74"}],"wp:attachment":[{"href":"https:\/\/dt-sv.com\/tr\/wp-json\/wp\/v2\/media?parent=71"}],"curies":[{"name":"wp","href":"https:\/\/api.w.org\/{rel}","templated":true}]}}